{"id":37,"date":"2025-09-16T08:46:12","date_gmt":"2025-09-16T06:46:12","guid":{"rendered":"https:\/\/wykonamstrone.online\/?page_id=37"},"modified":"2026-01-12T07:16:23","modified_gmt":"2026-01-12T06:16:23","slug":"home","status":"publish","type":"page","link":"https:\/\/wykonamstrone.online\/index.php\/home\/","title":{"rendered":"O mnie"},"content":{"rendered":"\t\t<div data-elementor-type=\"wp-page\" data-elementor-id=\"37\" class=\"elementor elementor-37\">\n\t\t\t\t<div class=\"elementor-element elementor-element-e2b85df e-flex e-con-boxed e-con e-parent\" data-id=\"e2b85df\" data-element_type=\"container\">\n\t\t\t\t\t<div class=\"e-con-inner\">\n\t\t\t\t\t<\/div>\n\t\t\t\t<\/div>\n\t\t<div class=\"elementor-element elementor-element-7542a77 e-flex e-con-boxed e-con e-parent\" data-id=\"7542a77\" data-element_type=\"container\">\n\t\t\t\t\t<div class=\"e-con-inner\">\n\t\t<div class=\"elementor-element elementor-element-ec88edf e-con-full e-flex e-con e-child\" data-id=\"ec88edf\" data-element_type=\"container\">\n\t\t\t\t<div class=\"elementor-element elementor-element-160c390 elementor-widget elementor-widget-image\" data-id=\"160c390\" data-element_type=\"widget\" data-widget_type=\"image.default\">\n\t\t\t\t\t\t\t\t\t\t\t\t\t\t\t<img fetchpriority=\"high\" decoding=\"async\" width=\"747\" height=\"1024\" src=\"http:\/\/wykonamstrone.online\/wp-content\/uploads\/2026\/01\/maciej-5-747x1024.jpg\" class=\"attachment-large size-large wp-image-120\" alt=\"\" srcset=\"http:\/\/wykonamstrone.online\/wp-content\/uploads\/2026\/01\/maciej-5-747x1024.jpg 747w, http:\/\/wykonamstrone.online\/wp-content\/uploads\/2026\/01\/maciej-5-219x300.jpg 219w, http:\/\/wykonamstrone.online\/wp-content\/uploads\/2026\/01\/maciej-5-768x1052.jpg 768w, http:\/\/wykonamstrone.online\/wp-content\/uploads\/2026\/01\/maciej-5.jpg 864w\" sizes=\"(max-width: 747px) 100vw, 747px\" \/>\t\t\t\t\t\t\t\t\t\t\t\t\t\t\t<\/div>\n\t\t\t\t<\/div>\n\t\t<div class=\"elementor-element elementor-element-ad5b446 e-con-full e-flex e-con e-child\" data-id=\"ad5b446\" data-element_type=\"container\">\n\t\t\t\t<div class=\"elementor-element elementor-element-5de28f9 elementor-widget elementor-widget-text-editor\" data-id=\"5de28f9\" data-element_type=\"widget\" data-widget_type=\"text-editor.default\">\n\t\t\t\t\t\t\t\t\t<p data-start=\"0\" data-end=\"336\">Jestem <strong data-start=\"7\" data-end=\"34\">specjalist\u0105 w bran\u017cy IT<\/strong>, kt\u00f3ry \u0142\u0105czy solidne zaplecze techniczne z praktycznym podej\u015bciem do potrzeb u\u017cytkownik\u00f3w i firm. Od ponad 10 lat na co dzie\u0144 zajmuj\u0119 si\u0119 <strong data-start=\"157\" data-end=\"185\">serwisowaniem komputer\u00f3w<\/strong>, wsparciem technicznym oraz <strong data-start=\"214\" data-end=\"262\">tworzeniem i utrzymaniem stron internetowych<\/strong>, dbaj\u0105c o to, aby technologie realnie usprawnia\u0142y prac\u0119 i rozw\u00f3j biznesu.<\/p><p data-start=\"338\" data-end=\"804\">W zakresie <strong data-start=\"349\" data-end=\"374\">serwisu komputerowego<\/strong> oferuj\u0119 kompleksow\u0105 obs\u0142ug\u0119 sprz\u0119tu i oprogramowania \u2013 od diagnozowania i usuwania usterek, przez instalacj\u0119 i konfiguracj\u0119 system\u00f3w operacyjnych, a\u017c po optymalizacj\u0119 wydajno\u015bci komputer\u00f3w. Zwracam du\u017c\u0105 uwag\u0119 na <strong data-start=\"587\" data-end=\"612\">bezpiecze\u0144stwo danych<\/strong>, regularne aktualizacje, ochron\u0119 antywirusow\u0105 oraz kopie zapasowe. Dzi\u0119ki temu u\u017cytkownicy mog\u0105 pracowa\u0107 stabilnie i bez przestoj\u00f3w, a ewentualne problemy rozwi\u0105zywane s\u0105 szybko i skutecznie.<\/p><p data-start=\"806\" data-end=\"1278\">Drugim filarem mojej dzia\u0142alno\u015bci jest <strong data-start=\"845\" data-end=\"878\">tworzenie stron internetowych<\/strong>. Projektuj\u0119 nowoczesne, funkcjonalne i estetyczne strony, kt\u00f3re s\u0105 dopasowane do potrzeb klient\u00f3w oraz \u0142atwe w p\u00f3\u017aniejszej obs\u0142udze. Zajmuj\u0119 si\u0119 nie tylko samym wykonaniem strony, ale r\u00f3wnie\u017c jej konfiguracj\u0105 techniczn\u0105, optymalizacj\u0105 dzia\u0142ania, aktualizacjami oraz bie\u017c\u0105c\u0105 administracj\u0105. Dzi\u0119ki temu klienci otrzymuj\u0105 stron\u0119, kt\u00f3ra nie tylko dobrze wygl\u0105da, ale tak\u017ce dzia\u0142a sprawnie i bezpiecznie.<\/p><p data-start=\"1280\" data-end=\"1595\">W pracy stawiam na <strong data-start=\"1299\" data-end=\"1357\">rzetelno\u015b\u0107, jasn\u0105 komunikacj\u0119 i indywidualne podej\u015bcie<\/strong>. Potrafi\u0119 prze\u0142o\u017cy\u0107 techniczne zagadnienia na zrozumia\u0142y j\u0119zyk, co u\u0142atwia wsp\u00f3\u0142prac\u0119 i buduje zaufanie. Jako specjalista IT skupiam si\u0119 na praktycznych rozwi\u0105zaniach, kt\u00f3re realnie wspieraj\u0105 codzienn\u0105 prac\u0119 i obecno\u015b\u0107 firm w internecie.<\/p>\t\t\t\t\t\t\t\t<\/div>\n\t\t\t\t<\/div>\n\t\t\t\t\t<\/div>\n\t\t\t\t<\/div>\n\t\t\t\t<\/div>\n\t\t","protected":false},"excerpt":{"rendered":"<p>Jestem specjalist\u0105 w bran\u017cy IT, kt\u00f3ry \u0142\u0105czy solidne zaplecze techniczne z praktycznym podej\u015bciem do potrzeb u\u017cytkownik\u00f3w i firm. Od ponad [&hellip;]<\/p>\n","protected":false},"author":1,"featured_media":0,"parent":0,"menu_order":0,"comment_status":"closed","ping_status":"closed","template":"","meta":{"site-sidebar-layout":"no-sidebar","site-content-layout":"","ast-site-content-layout":"full-width-container","site-content-style":"default","site-sidebar-style":"default","ast-global-header-display":"","ast-banner-title-visibility":"","ast-main-header-display":"","ast-hfb-above-header-display":"","ast-hfb-below-header-display":"","ast-hfb-mobile-header-display":"","site-post-title":"","ast-breadcrumbs-content":"","ast-featured-img":"disabled","footer-sml-layout":"","theme-transparent-header-meta":"","adv-header-id-meta":"","stick-header-meta":"","header-above-stick-meta":"","header-main-stick-meta":"","header-below-stick-meta":"","astra-migrate-meta-layouts":"default","ast-page-background-enabled":"default","ast-page-background-meta":{"desktop":{"background-color":"var(--ast-global-color-5)","background-image":"","background-repeat":"repeat","background-position":"center center","background-size":"auto","background-attachment":"scroll","background-type":"","background-media":"","overlay-type":"","overlay-color":"","overlay-opacity":"","overlay-gradient":""},"tablet":{"background-color":"","background-image":"","background-repeat":"repeat","background-position":"center center","background-size":"auto","background-attachment":"scroll","background-type":"","background-media":"","overlay-type":"","overlay-color":"","overlay-opacity":"","overlay-gradient":""},"mobile":{"background-color":"","background-image":"","background-repeat":"repeat","background-position":"center center","background-size":"auto","background-attachment":"scroll","background-type":"","background-media":"","overlay-type":"","overlay-color":"","overlay-opacity":"","overlay-gradient":""}},"ast-content-background-meta":{"desktop":{"background-color":"var(--ast-global-color-4)","background-image":"","background-repeat":"repeat","background-position":"center center","background-size":"auto","background-attachment":"scroll","background-type":"","background-media":"","overlay-type":"","overlay-color":"","overlay-opacity":"","overlay-gradient":""},"tablet":{"background-color":"var(--ast-global-color-4)","background-image":"","background-repeat":"repeat","background-position":"center center","background-size":"auto","background-attachment":"scroll","background-type":"","background-media":"","overlay-type":"","overlay-color":"","overlay-opacity":"","overlay-gradient":""},"mobile":{"background-color":"var(--ast-global-color-4)","background-image":"","background-repeat":"repeat","background-position":"center center","background-size":"auto","background-attachment":"scroll","background-type":"","background-media":"","overlay-type":"","overlay-color":"","overlay-opacity":"","overlay-gradient":""}},"footnotes":""},"class_list":["post-37","page","type-page","status-publish","hentry"],"_links":{"self":[{"href":"https:\/\/wykonamstrone.online\/index.php\/wp-json\/wp\/v2\/pages\/37","targetHints":{"allow":["GET"]}}],"collection":[{"href":"https:\/\/wykonamstrone.online\/index.php\/wp-json\/wp\/v2\/pages"}],"about":[{"href":"https:\/\/wykonamstrone.online\/index.php\/wp-json\/wp\/v2\/types\/page"}],"author":[{"embeddable":true,"href":"https:\/\/wykonamstrone.online\/index.php\/wp-json\/wp\/v2\/users\/1"}],"replies":[{"embeddable":true,"href":"https:\/\/wykonamstrone.online\/index.php\/wp-json\/wp\/v2\/comments?post=37"}],"version-history":[{"count":39,"href":"https:\/\/wykonamstrone.online\/index.php\/wp-json\/wp\/v2\/pages\/37\/revisions"}],"predecessor-version":[{"id":123,"href":"https:\/\/wykonamstrone.online\/index.php\/wp-json\/wp\/v2\/pages\/37\/revisions\/123"}],"wp:attachment":[{"href":"https:\/\/wykonamstrone.online\/index.php\/wp-json\/wp\/v2\/media?parent=37"}],"curies":[{"name":"wp","href":"https:\/\/api.w.org\/{rel}","templated":true}]}}